{"id":424,"date":"2016-08-10T01:22:07","date_gmt":"2016-08-10T01:22:07","guid":{"rendered":"https:\/\/fromagerielastation.com\/en\/histoire\/revue-de-presse\/"},"modified":"2017-02-20T16:51:36","modified_gmt":"2017-02-20T16:51:36","slug":"press-review","status":"publish","type":"page","link":"https:\/\/fromagerielastation.com\/en\/this-is-a-family-matter\/press-review\/","title":{"rendered":"Press review"},"content":{"rendered":"<div class=\"csRow\">\n<hr \/>\n<\/div>\n<div class=\"csRow\">\n<div class=\"csRow\">\n<div class=\"csColumnGap\" style=\"margin: 0px; padding: 0px; float: left; width: 1.56%;\"><img decoding=\"async\" style=\"border: none;\" src=\"https:\/\/fromagerielastation.com\/wp-content\/plugins\/advanced-wp-columns\/assets\/js\/plugins\/views\/img\/1x1-pixel.png\" \/><\/div>\n<div class=\"csColumn\" style=\"margin: 0px; padding: 0px; float: left; width: 47.6%;\" data-csstartpoint=\"15\" data-csendpoint=\"472\" data-cswidth=\"47.6%\" data-csid=\"bb352a0f-238e-ffee-bcfc-e520743a4587\">\n<p>&nbsp;<\/p>\n<p>Journal La Tribune, avril 2014<\/p>\n<p><a href=\"https:\/\/fromagerielastation.com\/wp-content\/uploads\/2017\/02\/2014-05-05-LaTribune.pdf\" target=\"_blank\">Pour l&#8217;amour du go\u00fbt vrai<\/a> (pdf)<\/p>\n<p>La Presse, 2013<strong><br \/>\n<\/strong><a href=\"https:\/\/fromagerielastation.com\/wp-content\/uploads\/2017\/02\/2013-La-presse.pdf\" target=\"_blank\">Fromagerie La Station, jouer sur plusieurs tableaux<\/a> (pdf)<\/p>\n<p>La Presse, mai 2013<br \/>\n<a href=\"https:\/\/fromagerielastation.com\/wp-content\/uploads\/2017\/02\/2013-05-28-LaPresse.pdf\" target=\"_blank\">Fromagerie La Station : go\u00fbtez \u00e0 la prochaine<br \/>\nvedette des \u00e9talages<\/a> (pdf)<\/p>\n<p>Journal de Sherbrooke, 2013<br \/>\n<a href=\"https:\/\/fromagerielastation.com\/wp-content\/uploads\/2017\/02\/2013-honneurs.pdf\" target=\"_blank\">La fromagerie La Station remporte les honneurs<\/a> (pdf)<\/p>\n<p>Le Progr\u00e8s de Coaticook, 2013<br \/>\n<a href=\"https:\/\/fromagerielastation.com\/wp-content\/uploads\/2017\/02\/2013-Grand-prix-fromage-Canadien.pdf\" target=\"_blank\">Les honneurs se multiplient pour la fromagerie La Station<\/a> (pdf)<\/p>\n<p>100 tr\u00e9sors du Qu\u00e9bec \u00e0 savourer et partager<br \/>\n<a href=\"https:\/\/fromagerielastation.com\/wp-content\/uploads\/2017\/02\/2013-100-tresors-du-quebec-a-savourer-et-partager.pdf\" target=\"_blank\">Une famille de fromagers<\/a> (pdf)<\/p>\n<p>Journal de Sherbrooke, juin 2013<br \/>\n<a href=\"https:\/\/fromagerielastation.com\/wp-content\/uploads\/2017\/02\/2013-06-26-Journal-de-sherbrooke.pdf\" target=\"_blank\">La fromagerie la Station remporte les honneurs<\/a> (pdf)<\/p>\n<p>Article AG Yours International,<br \/>\n<a href=\"https:\/\/fromagerielastation.com\/wp-content\/uploads\/2017\/02\/2011_agyours.pdf\">Lire l&#8217;article<\/a> (pdf)<\/p>\n<p>Critique Guide Restos Voir 2012,<br \/>\n<a href=\"https:\/\/fromagerielastation.com\/wp-content\/uploads\/2017\/02\/2012_guide-resto_voir.pdf\">Lire la critique<\/a> (pdf)<\/p>\n<p>The Gazette, 15 septembre 2010<br \/>\n<a href=\"https:\/\/fromagerielastation.com\/wp-content\/uploads\/2017\/02\/2009_11_21_Gazette.pdf\" target=\"_blank\">A family of fromagers<\/a> (pdf)<\/p>\n<\/div>\n<div class=\"csColumnGap\" style=\"margin: 0px; padding: 0px; float: left; width: 1.56%;\"><img decoding=\"async\" style=\"border: none;\" src=\"https:\/\/fromagerielastation.com\/wp-content\/plugins\/advanced-wp-columns\/assets\/js\/plugins\/views\/img\/1x1-pixel.png\" \/><\/div>\n<div class=\"csColumn\" style=\"margin: 0px; padding: 0px; float: left; width: 47.7%;\" data-csstartpoint=\"487\" data-csendpoint=\"945\" data-cswidth=\"47.7%\" data-csid=\"8518c414-0092-105b-ae8b-9bed06c54bf1\">\n<p>&nbsp;<\/p>\n<p>Le m\u00e9rite Estrien de La Tribune, 18 janvier 2010<br \/>\n<a href=\"https:\/\/fromagerielastation.com\/wp-content\/uploads\/2017\/02\/2010_01_18_tribune.pdf\" target=\"_blank\">Des meules de succ\u00e8s<\/a> (pdf)<\/p>\n<p>The Gazette, 21 novembre 2009<br \/>\n<a href=\"https:\/\/fromagerielastation.com\/wp-content\/uploads\/2017\/02\/2009_11_21_Gazette.pdf\" target=\"_blank\">12 favourites of four aficionados<\/a> (pdf )<\/p>\n<p>Globe and Mail, septembre 2009<br \/>\n<a href=\"https:\/\/fromagerielastation.com\/wp-content\/uploads\/2017\/02\/2009_09_GlobeandMail.pdf\" target=\"_blank\">A true Quebec farmstead with a taste of terroir<\/a> (pdf)<\/p>\n<p>Cyberpresse.ca, 1 ao\u00fbt 2009<br \/>\n<a href=\"https:\/\/fromagerielastation.com\/wp-content\/uploads\/2017\/02\/2009_08_01_cyberpresse.pdf\" target=\"_blank\">Entrepreneurs en fromage<\/a> (pdf)<\/p>\n<p>L&#8217;\u00c9cho de Compton, octobre 2007<br \/>\n<a href=\"https:\/\/fromagerielastation.com\/wp-content\/uploads\/2017\/02\/2007_10_Echo_Compton.jpg\">Accr\u00e9ditation biologique pour les deux fromages de la Fromagerie La Station<\/a><\/p>\n<p>Journal de Montr\u00e9al, 30 septembre 2007<br \/>\n<a href=\"https:\/\/fromagerielastation.com\/wp-content\/uploads\/2017\/02\/2007_09_30_Journal_Montreal.jpg\">Alfred Le Fermier<\/a><\/p>\n<p>Effervescence, printemps 2007<br \/>\n<a href=\"https:\/\/fromagerielastation.com\/wp-content\/uploads\/2017\/02\/2007_05_Effervescence.jpg\">La premi\u00e8re STATION<\/a><\/p>\n<p>Journal de Sherbrooke, 7 juillet 2006<br \/>\n<a href=\"https:\/\/fromagerielastation.com\/wp-content\/uploads\/2017\/02\/2006_07_07_Journal_Sherbroo.jpg\">La fromagerie La Station s\u00e9duit jusqu&#8217;en France<\/a><\/p>\n<p>L&#8217;\u00c9cho de Compton, avril 2006<br \/>\n<a href=\"https:\/\/fromagerielastation.com\/wp-content\/uploads\/2017\/02\/2006_04_Echo_Compton.jpg\">Les fromages de la Fromagerie La Station &#8211; finalistes au grand prix des fromages canadiens<\/a><\/p>\n<p>Cheese Culture, printemps 2006<br \/>\n<a href=\"https:\/\/fromagerielastation.com\/wp-content\/uploads\/2017\/02\/2006_05_cheeseculture.jpg\">Meet the Maker<\/a><\/p>\n<p>Le Progr\u00e8s De Coaticook, 26 juillet 2003<br \/>\n<a href=\"https:\/\/fromagerielastation.com\/wp-content\/uploads\/2017\/02\/2003_07_26_Progres_Coaticoo.jpg\">Une nouvelle entreprise r\u00e9gionale voit le jour<\/a><\/p>\n<\/div>\n<\/div>\n<\/div>\n","protected":false},"excerpt":{"rendered":"<p>&nbsp; Journal La Tribune, avril 2014 Pour l&#8217;amour du go\u00fbt vrai (pdf) La Presse, 2013 Fromagerie La Station, jouer sur plusieurs tableaux (pdf) La Presse, mai 2013 Fromagerie La Station : go\u00fbtez \u00e0 la prochaine vedette des \u00e9talages (pdf) Journal de Sherbrooke, 2013 La fromagerie La Station remporte les honneurs (pdf) Le Progr\u00e8s de Coaticook,&#8230;<\/p>\n","protected":false},"author":10,"featured_media":0,"parent":422,"menu_order":0,"comment_status":"closed","ping_status":"closed","template":"","meta":[],"yoast_head":"<!-- This site is optimized with the Yoast SEO plugin v20.5 - https:\/\/yoast.com\/wordpress\/plugins\/seo\/ -->\n<title>Press review - Fromagerie La Station<\/title>\n<meta name=\"robots\" content=\"index, follow, max-snippet:-1, max-image-preview:large, max-video-preview:-1\" \/>\n<link rel=\"canonical\" href=\"https:\/\/fromagerielastation.com\/en\/this-is-a-family-matter\/press-review\/\" \/>\n<meta property=\"og:locale\" content=\"en_US\" \/>\n<meta property=\"og:type\" content=\"article\" \/>\n<meta property=\"og:title\" content=\"Press review - Fromagerie La Station\" \/>\n<meta property=\"og:description\" content=\"&nbsp; Journal La Tribune, avril 2014 Pour l&#8217;amour du go\u00fbt vrai (pdf) La Presse, 2013 Fromagerie La Station, jouer sur plusieurs tableaux (pdf) La Presse, mai 2013 Fromagerie La Station : go\u00fbtez \u00e0 la prochaine vedette des \u00e9talages (pdf) Journal de Sherbrooke, 2013 La fromagerie La Station remporte les honneurs (pdf) Le Progr\u00e8s de Coaticook,...\" \/>\n<meta property=\"og:url\" content=\"https:\/\/fromagerielastation.com\/en\/this-is-a-family-matter\/press-review\/\" \/>\n<meta property=\"og:site_name\" content=\"Fromagerie La Station\" \/>\n<meta property=\"article:publisher\" content=\"https:\/\/www.facebook.com\/fromagerielastation\/?fref=ts\" \/>\n<meta property=\"article:modified_time\" content=\"2017-02-20T16:51:36+00:00\" \/>\n<meta property=\"og:image\" content=\"https:\/\/fromagerielastation.com\/wp-content\/plugins\/advanced-wp-columns\/assets\/js\/plugins\/views\/img\/1x1-pixel.png\" \/>\n<meta name=\"twitter:card\" content=\"summary_large_image\" \/>\n<meta name=\"twitter:site\" content=\"@StationCompton\" \/>\n<meta name=\"twitter:label1\" content=\"Est. reading time\" \/>\n\t<meta name=\"twitter:data1\" content=\"1 minute\" \/>\n<script type=\"application\/ld+json\" class=\"yoast-schema-graph\">{\"@context\":\"https:\/\/schema.org\",\"@graph\":[{\"@type\":\"WebPage\",\"@id\":\"https:\/\/fromagerielastation.com\/en\/this-is-a-family-matter\/press-review\/\",\"url\":\"https:\/\/fromagerielastation.com\/en\/this-is-a-family-matter\/press-review\/\",\"name\":\"Press review - Fromagerie La Station\",\"isPartOf\":{\"@id\":\"https:\/\/fromagerielastation.com\/#website\"},\"datePublished\":\"2016-08-10T01:22:07+00:00\",\"dateModified\":\"2017-02-20T16:51:36+00:00\",\"breadcrumb\":{\"@id\":\"https:\/\/fromagerielastation.com\/en\/this-is-a-family-matter\/press-review\/#breadcrumb\"},\"inLanguage\":\"en-US\",\"potentialAction\":[{\"@type\":\"ReadAction\",\"target\":[\"https:\/\/fromagerielastation.com\/en\/this-is-a-family-matter\/press-review\/\"]}]},{\"@type\":\"BreadcrumbList\",\"@id\":\"https:\/\/fromagerielastation.com\/en\/this-is-a-family-matter\/press-review\/#breadcrumb\",\"itemListElement\":[{\"@type\":\"ListItem\",\"position\":1,\"name\":\"Home\",\"item\":\"https:\/\/fromagerielastation.com\/en\/\"},{\"@type\":\"ListItem\",\"position\":2,\"name\":\"This is a family matter\",\"item\":\"https:\/\/fromagerielastation.com\/en\/this-is-a-family-matter\/\"},{\"@type\":\"ListItem\",\"position\":3,\"name\":\"Press review\"}]},{\"@type\":\"WebSite\",\"@id\":\"https:\/\/fromagerielastation.com\/#website\",\"url\":\"https:\/\/fromagerielastation.com\/\",\"name\":\"Fromagerie La Station\",\"description\":\"\",\"potentialAction\":[{\"@type\":\"SearchAction\",\"target\":{\"@type\":\"EntryPoint\",\"urlTemplate\":\"https:\/\/fromagerielastation.com\/?s={search_term_string}\"},\"query-input\":\"required name=search_term_string\"}],\"inLanguage\":\"en-US\"}]}<\/script>\n<!-- \/ Yoast SEO plugin. -->","yoast_head_json":{"title":"Press review - Fromagerie La Station","robots":{"index":"index","follow":"follow","max-snippet":"max-snippet:-1","max-image-preview":"max-image-preview:large","max-video-preview":"max-video-preview:-1"},"canonical":"https:\/\/fromagerielastation.com\/en\/this-is-a-family-matter\/press-review\/","og_locale":"en_US","og_type":"article","og_title":"Press review - Fromagerie La Station","og_description":"&nbsp; Journal La Tribune, avril 2014 Pour l&#8217;amour du go\u00fbt vrai (pdf) La Presse, 2013 Fromagerie La Station, jouer sur plusieurs tableaux (pdf) La Presse, mai 2013 Fromagerie La Station : go\u00fbtez \u00e0 la prochaine vedette des \u00e9talages (pdf) Journal de Sherbrooke, 2013 La fromagerie La Station remporte les honneurs (pdf) Le Progr\u00e8s de Coaticook,...","og_url":"https:\/\/fromagerielastation.com\/en\/this-is-a-family-matter\/press-review\/","og_site_name":"Fromagerie La Station","article_publisher":"https:\/\/www.facebook.com\/fromagerielastation\/?fref=ts","article_modified_time":"2017-02-20T16:51:36+00:00","og_image":[{"url":"https:\/\/fromagerielastation.com\/wp-content\/plugins\/advanced-wp-columns\/assets\/js\/plugins\/views\/img\/1x1-pixel.png"}],"twitter_card":"summary_large_image","twitter_site":"@StationCompton","twitter_misc":{"Est. reading time":"1 minute"},"schema":{"@context":"https:\/\/schema.org","@graph":[{"@type":"WebPage","@id":"https:\/\/fromagerielastation.com\/en\/this-is-a-family-matter\/press-review\/","url":"https:\/\/fromagerielastation.com\/en\/this-is-a-family-matter\/press-review\/","name":"Press review - Fromagerie La Station","isPartOf":{"@id":"https:\/\/fromagerielastation.com\/#website"},"datePublished":"2016-08-10T01:22:07+00:00","dateModified":"2017-02-20T16:51:36+00:00","breadcrumb":{"@id":"https:\/\/fromagerielastation.com\/en\/this-is-a-family-matter\/press-review\/#breadcrumb"},"inLanguage":"en-US","potentialAction":[{"@type":"ReadAction","target":["https:\/\/fromagerielastation.com\/en\/this-is-a-family-matter\/press-review\/"]}]},{"@type":"BreadcrumbList","@id":"https:\/\/fromagerielastation.com\/en\/this-is-a-family-matter\/press-review\/#breadcrumb","itemListElement":[{"@type":"ListItem","position":1,"name":"Home","item":"https:\/\/fromagerielastation.com\/en\/"},{"@type":"ListItem","position":2,"name":"This is a family matter","item":"https:\/\/fromagerielastation.com\/en\/this-is-a-family-matter\/"},{"@type":"ListItem","position":3,"name":"Press review"}]},{"@type":"WebSite","@id":"https:\/\/fromagerielastation.com\/#website","url":"https:\/\/fromagerielastation.com\/","name":"Fromagerie La Station","description":"","potentialAction":[{"@type":"SearchAction","target":{"@type":"EntryPoint","urlTemplate":"https:\/\/fromagerielastation.com\/?s={search_term_string}"},"query-input":"required name=search_term_string"}],"inLanguage":"en-US"}]}},"_links":{"self":[{"href":"https:\/\/fromagerielastation.com\/en\/wp-json\/wp\/v2\/pages\/424"}],"collection":[{"href":"https:\/\/fromagerielastation.com\/en\/wp-json\/wp\/v2\/pages"}],"about":[{"href":"https:\/\/fromagerielastation.com\/en\/wp-json\/wp\/v2\/types\/page"}],"author":[{"embeddable":true,"href":"https:\/\/fromagerielastation.com\/en\/wp-json\/wp\/v2\/users\/10"}],"replies":[{"embeddable":true,"href":"https:\/\/fromagerielastation.com\/en\/wp-json\/wp\/v2\/comments?post=424"}],"version-history":[{"count":4,"href":"https:\/\/fromagerielastation.com\/en\/wp-json\/wp\/v2\/pages\/424\/revisions"}],"predecessor-version":[{"id":1298,"href":"https:\/\/fromagerielastation.com\/en\/wp-json\/wp\/v2\/pages\/424\/revisions\/1298"}],"up":[{"embeddable":true,"href":"https:\/\/fromagerielastation.com\/en\/wp-json\/wp\/v2\/pages\/422"}],"wp:attachment":[{"href":"https:\/\/fromagerielastation.com\/en\/wp-json\/wp\/v2\/media?parent=424"}],"curies":[{"name":"wp","href":"https:\/\/api.w.org\/{rel}","templated":true}]}}