{"id":417,"date":"2016-08-10T00:40:06","date_gmt":"2016-08-10T00:40:06","guid":{"rendered":"https:\/\/fromagerielastation.com\/en\/erabliere\/"},"modified":"2016-12-01T04:22:00","modified_gmt":"2016-12-01T04:22:00","slug":"the-maple-grove","status":"publish","type":"page","link":"https:\/\/fromagerielastation.com\/en\/the-maple-grove\/","title":{"rendered":"The maple grove"},"content":{"rendered":"<hr \/>\n<h2 style=\"text-align: center;\"><\/h2>\n<div class=\"csRow\">\n<div class=\"csColumnGap\" style=\"margin: 0px; padding: 0px; float: left; width: 1.56%;\"><img decoding=\"async\" style=\"border: none;\" src=\"https:\/\/fromagerielastation.com\/wp-content\/plugins\/advanced-wp-columns\/assets\/js\/plugins\/views\/img\/1x1-pixel.png\" \/><\/div>\n<div class=\"csColumn\" style=\"margin: 0px; padding: 0px; float: left; width: 47.6%;\" data-csstartpoint=\"15\" data-csendpoint=\"472\" data-cswidth=\"47.6%\" data-csid=\"0ad4266c-c0a5-afc9-a93e-ee590e4e6562\">\n<img decoding=\"async\" loading=\"lazy\" src=\"https:\/\/fromagerielastation.com\/wp-content\/uploads\/2016\/08\/erable.png\" alt=\"\" width=\"956\" height=\"818\" \/>\n<\/div>\n<div class=\"csColumnGap\" style=\"margin: 0px; padding: 0px; float: left; width: 1.56%;\"><img decoding=\"async\" style=\"border: none;\" src=\"https:\/\/fromagerielastation.com\/wp-content\/plugins\/advanced-wp-columns\/assets\/js\/plugins\/views\/img\/1x1-pixel.png\" \/><\/div>\n<div class=\"csColumn\" style=\"margin: 0px; padding: 0px; float: left; width: 47.7%;\" data-csstartpoint=\"487\" data-csendpoint=\"945\" data-cswidth=\"47.7%\" data-csid=\"a006982d-f11c-1356-b0f6-8948fd4a711f\">\n<p>&nbsp;<\/p>\n<h2>It is so sweet\u00a0!!<\/h2>\n<p><span class=\"TextRun SCX197943417\" lang=\"FR-CA\" xml:lang=\"FR-CA\"><span class=\"NormalTextRun SCX197943417\">How old are our maple<\/span><\/span> <span class=\"TextRun SCX197943417\" lang=\"FR-CA\" xml:lang=\"FR-CA\"><span class=\"NormalTextRun SCX197943417\">trees ?? 50 , 100 and 250 years.<\/span><\/span><span class=\"EOP SCX197943417\">\u00a0<\/span> <span class=\"TextRun SCX127685289\" lang=\"FR-CA\" xml:lang=\"FR-CA\"><span class=\"NormalTextRun SCX127685289\">Sugar time is our quality time. Back in time&#8230;a rest to recharge energies.<\/span><\/span><span class=\"EOP SCX127685289\">\u00a0<\/span><\/p>\n<p>On 60 acres we have 6000 maple trees producing 24,000 pounds of organic maple syrup every year.<\/p>\n<p>All our by-products are available at the cheese factory.<\/p>\n<\/div>\n<\/div>\n<div class=\"csRow\">\n<div class=\"csColumnGap\" style=\"margin: 0px; padding: 0px; float: left; width: 1.56%;\"><img decoding=\"async\" style=\"border: none;\" src=\"https:\/\/fromagerielastation.com\/wp-content\/plugins\/advanced-wp-columns\/assets\/js\/plugins\/views\/img\/1x1-pixel.png\" \/><\/div>\n<div style=\"clear: both; float: none; display: block; visibility: hidden; width: 0px; font-size: 0px; line-height: 0;\"><\/div>\n<\/div>\n<hr \/>\n<p>&nbsp;<\/p>\n\n<div id=\"rev_slider_4_1_wrapper\" class=\"rev_slider_wrapper fullwidthbanner-container\" data-source=\"gallery\" style=\"margin:0px auto;background-color:transparent;padding:0px;margin-top:0px;margin-bottom:0px;\">\n<!-- START REVOLUTION SLIDER 5.3.0.2 auto mode -->\n\t<div id=\"rev_slider_4_1\" class=\"rev_slider fullwidthabanner\" style=\"display:none;\" data-version=\"5.3.0.2\">\n<ul>\t<!-- SLIDE  -->\n\t<li data-index=\"rs-17\" data-transition=\"fade\" data-slotamount=\"default\" data-hideafterloop=\"0\" data-hideslideonmobile=\"off\"  data-easein=\"default\" data-easeout=\"default\" data-masterspeed=\"300\"  data-rotate=\"0\"  data-saveperformance=\"off\"  data-title=\"Slide\" data-param1=\"\" data-param2=\"\" data-param3=\"\" data-param4=\"\" data-param5=\"\" data-param6=\"\" data-param7=\"\" data-param8=\"\" data-param9=\"\" data-param10=\"\" data-description=\"\">\n\t\t<!-- MAIN IMAGE -->\n\t\t<img src=\"https:\/\/fromagerielastation.com\/wp-content\/uploads\/2016\/08\/erable1.png\"  alt=\"\" title=\"erable1\"  width=\"960\" height=\"640\" data-bgposition=\"center center\" data-bgfit=\"cover\" data-bgrepeat=\"no-repeat\" class=\"rev-slidebg\" data-no-retina>\n\t\t<!-- LAYERS -->\n\t<\/li>\n\t<!-- SLIDE  -->\n\t<li data-index=\"rs-18\" data-transition=\"fade\" data-slotamount=\"7\" data-hideafterloop=\"0\" data-hideslideonmobile=\"off\"  data-easein=\"default\" data-easeout=\"default\" data-masterspeed=\"300\"  data-rotate=\"0\"  data-saveperformance=\"off\"  data-title=\"Slide\" data-param1=\"\" data-param2=\"\" data-param3=\"\" data-param4=\"\" data-param5=\"\" data-param6=\"\" data-param7=\"\" data-param8=\"\" data-param9=\"\" data-param10=\"\" data-description=\"\">\n\t\t<!-- MAIN IMAGE -->\n\t\t<img src=\"https:\/\/fromagerielastation.com\/wp-content\/uploads\/2016\/08\/erable7.png\"  alt=\"\" title=\"erable7\"  width=\"956\" height=\"528\" data-bgposition=\"center center\" data-bgfit=\"cover\" data-bgrepeat=\"no-repeat\" class=\"rev-slidebg\" data-no-retina>\n\t\t<!-- LAYERS -->\n\t<\/li>\n\t<!-- SLIDE  -->\n\t<li data-index=\"rs-19\" data-transition=\"fade\" data-slotamount=\"default\" data-hideafterloop=\"0\" data-hideslideonmobile=\"off\"  data-easein=\"default\" data-easeout=\"default\" data-masterspeed=\"300\"  data-rotate=\"0\"  data-saveperformance=\"off\"  data-title=\"Slide\" data-param1=\"\" data-param2=\"\" data-param3=\"\" data-param4=\"\" data-param5=\"\" data-param6=\"\" data-param7=\"\" data-param8=\"\" data-param9=\"\" data-param10=\"\" data-description=\"\">\n\t\t<!-- MAIN IMAGE -->\n\t\t<img src=\"https:\/\/fromagerielastation.com\/wp-content\/uploads\/2016\/09\/Foret-erables.jpg\"  alt=\"\" title=\"foret-erables\"  width=\"1024\" height=\"683\" data-bgposition=\"center center\" data-bgfit=\"cover\" data-bgrepeat=\"no-repeat\" class=\"rev-slidebg\" data-no-retina>\n\t\t<!-- LAYERS -->\n\t<\/li>\n\t<!-- SLIDE  -->\n\t<li data-index=\"rs-20\" data-transition=\"fade\" data-slotamount=\"default\" data-hideafterloop=\"0\" data-hideslideonmobile=\"off\"  data-easein=\"default\" data-easeout=\"default\" data-masterspeed=\"300\"  data-rotate=\"0\"  data-saveperformance=\"off\"  data-title=\"Slide\" data-param1=\"\" data-param2=\"\" data-param3=\"\" data-param4=\"\" data-param5=\"\" data-param6=\"\" data-param7=\"\" data-param8=\"\" data-param9=\"\" data-param10=\"\" data-description=\"\">\n\t\t<!-- MAIN IMAGE -->\n\t\t<img src=\"https:\/\/fromagerielastation.com\/wp-content\/uploads\/2016\/08\/erable4.png\"  alt=\"\" title=\"erable4\"  width=\"954\" height=\"790\" data-bgposition=\"center center\" data-bgfit=\"cover\" data-bgrepeat=\"no-repeat\" class=\"rev-slidebg\" data-no-retina>\n\t\t<!-- LAYERS -->\n\t<\/li>\n\t<!-- SLIDE  -->\n\t<li data-index=\"rs-32\" data-transition=\"fade\" data-slotamount=\"7\" data-hideafterloop=\"0\" data-hideslideonmobile=\"off\"  data-easein=\"default\" data-easeout=\"default\" data-masterspeed=\"300\"  data-rotate=\"0\"  data-saveperformance=\"off\"  data-title=\"Slide\" data-param1=\"\" data-param2=\"\" data-param3=\"\" data-param4=\"\" data-param5=\"\" data-param6=\"\" data-param7=\"\" data-param8=\"\" data-param9=\"\" data-param10=\"\" data-description=\"\">\n\t\t<!-- MAIN IMAGE -->\n\t\t<img src=\"https:\/\/fromagerielastation.com\/wp-content\/uploads\/2016\/08\/DSCF2369.jpg\"  alt=\"\" title=\"DSCF2369\"  width=\"4896\" height=\"3264\" data-bgposition=\"center center\" data-bgfit=\"cover\" data-bgrepeat=\"no-repeat\" class=\"rev-slidebg\" data-no-retina>\n\t\t<!-- LAYERS -->\n\t<\/li>\n\t<!-- SLIDE  -->\n\t<li data-index=\"rs-33\" data-transition=\"fade\" data-slotamount=\"7\" data-hideafterloop=\"0\" data-hideslideonmobile=\"off\"  data-easein=\"default\" data-easeout=\"default\" data-masterspeed=\"300\"  data-rotate=\"0\"  data-saveperformance=\"off\"  data-title=\"Slide\" data-param1=\"\" data-param2=\"\" data-param3=\"\" data-param4=\"\" data-param5=\"\" data-param6=\"\" data-param7=\"\" data-param8=\"\" data-param9=\"\" data-param10=\"\" data-description=\"\">\n\t\t<!-- MAIN IMAGE -->\n\t\t<img src=\"https:\/\/fromagerielastation.com\/wp-content\/uploads\/2017\/05\/DSCF9937.jpg\"  alt=\"\" title=\"Le temps des sucres\"  width=\"4149\" height=\"3264\" data-bgposition=\"center center\" data-bgfit=\"cover\" data-bgrepeat=\"no-repeat\" class=\"rev-slidebg\" data-no-retina>\n\t\t<!-- LAYERS -->\n\t<\/li>\n\t<!-- SLIDE  -->\n\t<li data-index=\"rs-34\" data-transition=\"fade\" data-slotamount=\"7\" data-hideafterloop=\"0\" data-hideslideonmobile=\"off\"  data-easein=\"default\" data-easeout=\"default\" data-masterspeed=\"300\"  data-rotate=\"0\"  data-saveperformance=\"off\"  data-title=\"Slide\" data-param1=\"\" data-param2=\"\" data-param3=\"\" data-param4=\"\" data-param5=\"\" data-param6=\"\" data-param7=\"\" data-param8=\"\" data-param9=\"\" data-param10=\"\" data-description=\"\">\n\t\t<!-- MAIN IMAGE -->\n\t\t<img src=\"https:\/\/fromagerielastation.com\/wp-content\/uploads\/2017\/05\/DSCF8974.jpg\"  alt=\"\" title=\"Martin \u00e0 l&#8217;\u00e9rabli\u00e8re\"  width=\"3812\" height=\"3264\" data-bgposition=\"center center\" data-bgfit=\"cover\" data-bgrepeat=\"no-repeat\" class=\"rev-slidebg\" data-no-retina>\n\t\t<!-- LAYERS -->\n\t<\/li>\n\t<!-- SLIDE  -->\n\t<li data-index=\"rs-35\" data-transition=\"fade\" data-slotamount=\"7\" data-hideafterloop=\"0\" data-hideslideonmobile=\"off\"  data-easein=\"default\" data-easeout=\"default\" data-masterspeed=\"300\"  data-rotate=\"0\"  data-saveperformance=\"off\"  data-title=\"Slide\" data-param1=\"\" data-param2=\"\" data-param3=\"\" data-param4=\"\" data-param5=\"\" data-param6=\"\" data-param7=\"\" data-param8=\"\" data-param9=\"\" data-param10=\"\" data-description=\"\">\n\t\t<!-- MAIN IMAGE -->\n\t\t<img src=\"https:\/\/fromagerielastation.com\/wp-content\/uploads\/2017\/05\/DSCF4469.jpg\"  alt=\"\" title=\"feuille d&#8217;\u00e9rable\"  width=\"4168\" height=\"3264\" data-bgposition=\"center center\" data-bgfit=\"cover\" data-bgrepeat=\"no-repeat\" class=\"rev-slidebg\" data-no-retina>\n\t\t<!-- LAYERS -->\n\t<\/li>\n<\/ul>\n<div class=\"tp-bannertimer\" style=\"height: 5px; background-color: rgba(0, 0, 0, 0.15);\"><\/div>\t<\/div>\n<script>var htmlDiv = document.getElementById(\"rs-plugin-settings-inline-css\"); var htmlDivCss=\"\";\n\t\t\t\tif(htmlDiv) {\n\t\t\t\t\thtmlDiv.innerHTML = htmlDiv.innerHTML + htmlDivCss;\n\t\t\t\t}else{\n\t\t\t\t\tvar htmlDiv = document.createElement(\"div\");\n\t\t\t\t\thtmlDiv.innerHTML = \"<style>\" + htmlDivCss + \"<\/style>\";\n\t\t\t\t\tdocument.getElementsByTagName(\"head\")[0].appendChild(htmlDiv.childNodes[0]);\n\t\t\t\t}\n\t\t\t<\/script>\n\t\t<script type=\"text\/javascript\">\n\t\t\t\t\t\t\/******************************************\n\t\t\t\t-\tPREPARE PLACEHOLDER FOR SLIDER\t-\n\t\t\t******************************************\/\n\n\t\t\tvar setREVStartSize=function(){\n\t\t\t\ttry{var e=new Object,i=jQuery(window).width(),t=9999,r=0,n=0,l=0,f=0,s=0,h=0;\n\t\t\t\t\te.c = jQuery('#rev_slider_4_1');\n\t\t\t\t\te.gridwidth = [1240];\n\t\t\t\t\te.gridheight = [600];\n\t\t\t\t\t\t\t\n\t\t\t\t\te.sliderLayout = \"auto\";\n\t\t\t\t\tif(e.responsiveLevels&&(jQuery.each(e.responsiveLevels,function(e,f){f>i&&(t=r=f,l=e),i>f&&f>r&&(r=f,n=e)}),t>r&&(l=n)),f=e.gridheight[l]||e.gridheight[0]||e.gridheight,s=e.gridwidth[l]||e.gridwidth[0]||e.gridwidth,h=i\/s,h=h>1?1:h,f=Math.round(h*f),\"fullscreen\"==e.sliderLayout){var u=(e.c.width(),jQuery(window).height());if(void 0!=e.fullScreenOffsetContainer){var c=e.fullScreenOffsetContainer.split(\",\");if (c) jQuery.each(c,function(e,i){u=jQuery(i).length>0?u-jQuery(i).outerHeight(!0):u}),e.fullScreenOffset.split(\"%\").length>1&&void 0!=e.fullScreenOffset&&e.fullScreenOffset.length>0?u-=jQuery(window).height()*parseInt(e.fullScreenOffset,0)\/100:void 0!=e.fullScreenOffset&&e.fullScreenOffset.length>0&&(u-=parseInt(e.fullScreenOffset,0))}f=u}else void 0!=e.minHeight&&f<e.minHeight&&(f=e.minHeight);e.c.closest(\".rev_slider_wrapper\").css({height:f})\n\t\t\t\t\t\n\t\t\t\t}catch(d){console.log(\"Failure at Presize of Slider:\"+d)}\n\t\t\t};\n\t\t\t\n\t\t\tsetREVStartSize();\n\t\t\t\n\t\t\t\t\t\tvar tpj=jQuery;\n\t\t\t\n\t\t\tvar revapi4;\n\t\t\ttpj(document).ready(function() {\n\t\t\t\tif(tpj(\"#rev_slider_4_1\").revolution == undefined){\n\t\t\t\t\trevslider_showDoubleJqueryError(\"#rev_slider_4_1\");\n\t\t\t\t}else{\n\t\t\t\t\trevapi4 = tpj(\"#rev_slider_4_1\").show().revolution({\n\t\t\t\t\t\tsliderType:\"standard\",\njsFileLocation:\"\/\/fromagerielastation.com\/wp-content\/plugins\/revslider\/public\/assets\/js\/\",\n\t\t\t\t\t\tsliderLayout:\"auto\",\n\t\t\t\t\t\tdottedOverlay:\"none\",\n\t\t\t\t\t\tdelay:3500,\n\t\t\t\t\t\tnavigation: {\n\t\t\t\t\t\t\tonHoverStop:\"off\",\n\t\t\t\t\t\t},\n\t\t\t\t\t\tvisibilityLevels:[1240,1024,778,480],\n\t\t\t\t\t\tgridwidth:1240,\n\t\t\t\t\t\tgridheight:600,\n\t\t\t\t\t\tlazyType:\"none\",\n\t\t\t\t\t\tshadow:0,\n\t\t\t\t\t\tspinner:\"spinner0\",\n\t\t\t\t\t\tstopLoop:\"off\",\n\t\t\t\t\t\tstopAfterLoops:-1,\n\t\t\t\t\t\tstopAtSlide:-1,\n\t\t\t\t\t\tshuffle:\"off\",\n\t\t\t\t\t\tautoHeight:\"off\",\n\t\t\t\t\t\thideThumbsOnMobile:\"off\",\n\t\t\t\t\t\thideSliderAtLimit:0,\n\t\t\t\t\t\thideCaptionAtLimit:0,\n\t\t\t\t\t\thideAllCaptionAtLilmit:0,\n\t\t\t\t\t\tdebugMode:false,\n\t\t\t\t\t\tfallbacks: {\n\t\t\t\t\t\t\tsimplifyAll:\"off\",\n\t\t\t\t\t\t\tnextSlideOnWindowFocus:\"off\",\n\t\t\t\t\t\t\tdisableFocusListener:false,\n\t\t\t\t\t\t}\n\t\t\t\t\t});\n\t\t\t\t}\n\t\t\t});\t\/*ready*\/\n\t\t<\/script>\n\t\t<\/div><!-- END REVOLUTION SLIDER -->\n","protected":false},"excerpt":{"rendered":"<p>&nbsp; It is so sweet\u00a0!! How old are our maple trees ?? 50 , 100 and 250 years.\u00a0 Sugar time is our quality time. Back in time&#8230;a rest to recharge energies.\u00a0 On 60 acres we have 6000 maple trees producing 24,000 pounds of organic maple syrup every year. All our by-products are available at the&#8230;<\/p>\n","protected":false},"author":10,"featured_media":734,"parent":0,"menu_order":0,"comment_status":"closed","ping_status":"closed","template":"page-withtitle.php","meta":[],"yoast_head":"<!-- This site is optimized with the Yoast SEO plugin v20.5 - https:\/\/yoast.com\/wordpress\/plugins\/seo\/ -->\n<title>The maple grove - Fromagerie La Station<\/title>\n<meta name=\"robots\" content=\"index, follow, max-snippet:-1, max-image-preview:large, max-video-preview:-1\" \/>\n<link rel=\"canonical\" href=\"https:\/\/fromagerielastation.com\/en\/the-maple-grove\/\" \/>\n<meta property=\"og:locale\" content=\"en_US\" \/>\n<meta property=\"og:type\" content=\"article\" \/>\n<meta property=\"og:title\" content=\"The maple grove - Fromagerie La Station\" \/>\n<meta property=\"og:description\" content=\"&nbsp; It is so sweet\u00a0!! How old are our maple trees ?? 50 , 100 and 250 years.\u00a0 Sugar time is our quality time. Back in time&#8230;a rest to recharge energies.\u00a0 On 60 acres we have 6000 maple trees producing 24,000 pounds of organic maple syrup every year. All our by-products are available at the...\" \/>\n<meta property=\"og:url\" content=\"https:\/\/fromagerielastation.com\/en\/the-maple-grove\/\" \/>\n<meta property=\"og:site_name\" content=\"Fromagerie La Station\" \/>\n<meta property=\"article:publisher\" content=\"https:\/\/www.facebook.com\/fromagerielastation\/?fref=ts\" \/>\n<meta property=\"article:modified_time\" content=\"2016-12-01T04:22:00+00:00\" \/>\n<meta property=\"og:image\" content=\"https:\/\/fromagerielastation.com\/wp-content\/uploads\/2016\/08\/erable5.png\" \/>\n\t<meta property=\"og:image:width\" content=\"954\" \/>\n\t<meta property=\"og:image:height\" content=\"634\" \/>\n\t<meta property=\"og:image:type\" content=\"image\/jpeg\" \/>\n<meta name=\"twitter:card\" content=\"summary_large_image\" \/>\n<meta name=\"twitter:site\" content=\"@StationCompton\" \/>\n<script type=\"application\/ld+json\" class=\"yoast-schema-graph\">{\"@context\":\"https:\/\/schema.org\",\"@graph\":[{\"@type\":\"WebPage\",\"@id\":\"https:\/\/fromagerielastation.com\/en\/the-maple-grove\/\",\"url\":\"https:\/\/fromagerielastation.com\/en\/the-maple-grove\/\",\"name\":\"The maple grove - Fromagerie La Station\",\"isPartOf\":{\"@id\":\"https:\/\/fromagerielastation.com\/#website\"},\"datePublished\":\"2016-08-10T00:40:06+00:00\",\"dateModified\":\"2016-12-01T04:22:00+00:00\",\"breadcrumb\":{\"@id\":\"https:\/\/fromagerielastation.com\/en\/the-maple-grove\/#breadcrumb\"},\"inLanguage\":\"en-US\",\"potentialAction\":[{\"@type\":\"ReadAction\",\"target\":[\"https:\/\/fromagerielastation.com\/en\/the-maple-grove\/\"]}]},{\"@type\":\"BreadcrumbList\",\"@id\":\"https:\/\/fromagerielastation.com\/en\/the-maple-grove\/#breadcrumb\",\"itemListElement\":[{\"@type\":\"ListItem\",\"position\":1,\"name\":\"Home\",\"item\":\"https:\/\/fromagerielastation.com\/en\/\"},{\"@type\":\"ListItem\",\"position\":2,\"name\":\"The maple grove\"}]},{\"@type\":\"WebSite\",\"@id\":\"https:\/\/fromagerielastation.com\/#website\",\"url\":\"https:\/\/fromagerielastation.com\/\",\"name\":\"Fromagerie La Station\",\"description\":\"\",\"potentialAction\":[{\"@type\":\"SearchAction\",\"target\":{\"@type\":\"EntryPoint\",\"urlTemplate\":\"https:\/\/fromagerielastation.com\/?s={search_term_string}\"},\"query-input\":\"required name=search_term_string\"}],\"inLanguage\":\"en-US\"}]}<\/script>\n<!-- \/ Yoast SEO plugin. -->","yoast_head_json":{"title":"The maple grove - Fromagerie La Station","robots":{"index":"index","follow":"follow","max-snippet":"max-snippet:-1","max-image-preview":"max-image-preview:large","max-video-preview":"max-video-preview:-1"},"canonical":"https:\/\/fromagerielastation.com\/en\/the-maple-grove\/","og_locale":"en_US","og_type":"article","og_title":"The maple grove - Fromagerie La Station","og_description":"&nbsp; It is so sweet\u00a0!! How old are our maple trees ?? 50 , 100 and 250 years.\u00a0 Sugar time is our quality time. Back in time&#8230;a rest to recharge energies.\u00a0 On 60 acres we have 6000 maple trees producing 24,000 pounds of organic maple syrup every year. All our by-products are available at the...","og_url":"https:\/\/fromagerielastation.com\/en\/the-maple-grove\/","og_site_name":"Fromagerie La Station","article_publisher":"https:\/\/www.facebook.com\/fromagerielastation\/?fref=ts","article_modified_time":"2016-12-01T04:22:00+00:00","og_image":[{"width":954,"height":634,"url":"https:\/\/fromagerielastation.com\/wp-content\/uploads\/2016\/08\/erable5.png","type":"image\/jpeg"}],"twitter_card":"summary_large_image","twitter_site":"@StationCompton","schema":{"@context":"https:\/\/schema.org","@graph":[{"@type":"WebPage","@id":"https:\/\/fromagerielastation.com\/en\/the-maple-grove\/","url":"https:\/\/fromagerielastation.com\/en\/the-maple-grove\/","name":"The maple grove - Fromagerie La Station","isPartOf":{"@id":"https:\/\/fromagerielastation.com\/#website"},"datePublished":"2016-08-10T00:40:06+00:00","dateModified":"2016-12-01T04:22:00+00:00","breadcrumb":{"@id":"https:\/\/fromagerielastation.com\/en\/the-maple-grove\/#breadcrumb"},"inLanguage":"en-US","potentialAction":[{"@type":"ReadAction","target":["https:\/\/fromagerielastation.com\/en\/the-maple-grove\/"]}]},{"@type":"BreadcrumbList","@id":"https:\/\/fromagerielastation.com\/en\/the-maple-grove\/#breadcrumb","itemListElement":[{"@type":"ListItem","position":1,"name":"Home","item":"https:\/\/fromagerielastation.com\/en\/"},{"@type":"ListItem","position":2,"name":"The maple grove"}]},{"@type":"WebSite","@id":"https:\/\/fromagerielastation.com\/#website","url":"https:\/\/fromagerielastation.com\/","name":"Fromagerie La Station","description":"","potentialAction":[{"@type":"SearchAction","target":{"@type":"EntryPoint","urlTemplate":"https:\/\/fromagerielastation.com\/?s={search_term_string}"},"query-input":"required name=search_term_string"}],"inLanguage":"en-US"}]}},"_links":{"self":[{"href":"https:\/\/fromagerielastation.com\/en\/wp-json\/wp\/v2\/pages\/417"}],"collection":[{"href":"https:\/\/fromagerielastation.com\/en\/wp-json\/wp\/v2\/pages"}],"about":[{"href":"https:\/\/fromagerielastation.com\/en\/wp-json\/wp\/v2\/types\/page"}],"author":[{"embeddable":true,"href":"https:\/\/fromagerielastation.com\/en\/wp-json\/wp\/v2\/users\/10"}],"replies":[{"embeddable":true,"href":"https:\/\/fromagerielastation.com\/en\/wp-json\/wp\/v2\/comments?post=417"}],"version-history":[{"count":10,"href":"https:\/\/fromagerielastation.com\/en\/wp-json\/wp\/v2\/pages\/417\/revisions"}],"predecessor-version":[{"id":1186,"href":"https:\/\/fromagerielastation.com\/en\/wp-json\/wp\/v2\/pages\/417\/revisions\/1186"}],"wp:featuredmedia":[{"embeddable":true,"href":"https:\/\/fromagerielastation.com\/en\/wp-json\/wp\/v2\/media\/734"}],"wp:attachment":[{"href":"https:\/\/fromagerielastation.com\/en\/wp-json\/wp\/v2\/media?parent=417"}],"curies":[{"name":"wp","href":"https:\/\/api.w.org\/{rel}","templated":true}]}}